{"id":3082,"date":"2022-07-05T07:16:20","date_gmt":"2022-07-05T07:16:20","guid":{"rendered":"https:\/\/www.cautex.com\/producto\/articulations-silentblocks"},"modified":"2022-07-05T07:16:20","modified_gmt":"2022-07-05T07:16:20","slug":"articulations-silentblocks","status":"publish","type":"product","link":"https:\/\/dev.cautex.com\/fr\/producto\/articulations-silentblocks\/","title":{"rendered":"ARTICULATIONS &amp; SILENTBLOCKS"},"content":{"rendered":"<p>Une large gamme d&rsquo;articulations et de silentbloks qui gr\u00e2ce \u00e0 leur parfaite combinaison entre m\u00e9tal et caoutchouc ainsi qu&rsquo;\u00e0 leur qualit\u00e9, absorbent les possibles vibrations, les bruits que le moteur, le syst\u00e8me de suspension, etc. pourraient souffrir.<\/p>\n","protected":false},"excerpt":{"rendered":"<p>Une large gamme d&rsquo;articulations et de silentbloks qui gr\u00e2ce \u00e0 leur parfaite combinaison entre m\u00e9tal et caoutchouc ainsi qu&rsquo;\u00e0 leur qualit\u00e9, absorbent les possibles vibrations, les bruits que le moteur, le syst\u00e8me de suspension, etc. pourraient souffrir.<\/p>\n","protected":false},"featured_media":1913,"comment_status":"open","ping_status":"closed","template":"","meta":[],"product_cat":[451,447],"product_tag":[165],"_links":{"self":[{"href":"https:\/\/dev.cautex.com\/fr\/wp-json\/wp\/v2\/product\/3082"}],"collection":[{"href":"https:\/\/dev.cautex.com\/fr\/wp-json\/wp\/v2\/product"}],"about":[{"href":"https:\/\/dev.cautex.com\/fr\/wp-json\/wp\/v2\/types\/product"}],"replies":[{"embeddable":true,"href":"https:\/\/dev.cautex.com\/fr\/wp-json\/wp\/v2\/comments?post=3082"}],"wp:featuredmedia":[{"embeddable":true,"href":"https:\/\/dev.cautex.com\/fr\/wp-json\/wp\/v2\/media\/1913"}],"wp:attachment":[{"href":"https:\/\/dev.cautex.com\/fr\/wp-json\/wp\/v2\/media?parent=3082"}],"wp:term":[{"taxonomy":"product_cat","embeddable":true,"href":"https:\/\/dev.cautex.com\/fr\/wp-json\/wp\/v2\/product_cat?post=3082"},{"taxonomy":"product_tag","embeddable":true,"href":"https:\/\/dev.cautex.com\/fr\/wp-json\/wp\/v2\/product_tag?post=3082"}],"curies":[{"name":"wp","href":"https:\/\/api.w.org\/{rel}","templated":true}]}}