{"id":3081,"date":"2022-07-12T07:50:08","date_gmt":"2022-07-12T07:50:08","guid":{"rendered":"https:\/\/www.cautex.com\/producto\/capteur-de-frein"},"modified":"2022-07-12T07:50:08","modified_gmt":"2022-07-12T07:50:08","slug":"capteur-de-frein","status":"publish","type":"product","link":"https:\/\/dev.cautex.com\/fr\/producto\/capteur-de-frein\/","title":{"rendered":"CAPTEUR DE FREIN"},"content":{"rendered":"<p>Dans les freins \u00e0 disque, les garnitures sont press\u00e9es contre le disque de frein mobile. Durant ce processus, les mat\u00e9riaux des garnitures s&rsquo;usent ainsi que le disque du frein. Lorsque les garnitures sont totalement us\u00e9es, l&rsquo;efficacit\u00e9 du freinage est s\u00e9rieusement r\u00e9duite.<\/p>\n","protected":false},"excerpt":{"rendered":"<p>Dans les freins \u00e0 disque, les garnitures sont press\u00e9es contre le disque de frein mobile. Durant ce processus, les mat\u00e9riaux des garnitures s&rsquo;usent ainsi que le disque du frein. Lorsque les garnitures sont totalement us\u00e9es, l&rsquo;efficacit\u00e9 du freinage est s\u00e9rieusement r\u00e9duite.<\/p>\n","protected":false},"featured_media":3045,"comment_status":"open","ping_status":"closed","template":"","meta":[],"product_cat":[525,515],"product_tag":[],"_links":{"self":[{"href":"https:\/\/dev.cautex.com\/fr\/wp-json\/wp\/v2\/product\/3081"}],"collection":[{"href":"https:\/\/dev.cautex.com\/fr\/wp-json\/wp\/v2\/product"}],"about":[{"href":"https:\/\/dev.cautex.com\/fr\/wp-json\/wp\/v2\/types\/product"}],"replies":[{"embeddable":true,"href":"https:\/\/dev.cautex.com\/fr\/wp-json\/wp\/v2\/comments?post=3081"}],"wp:featuredmedia":[{"embeddable":true,"href":"https:\/\/dev.cautex.com\/fr\/wp-json\/wp\/v2\/media\/3045"}],"wp:attachment":[{"href":"https:\/\/dev.cautex.com\/fr\/wp-json\/wp\/v2\/media?parent=3081"}],"wp:term":[{"taxonomy":"product_cat","embeddable":true,"href":"https:\/\/dev.cautex.com\/fr\/wp-json\/wp\/v2\/product_cat?post=3081"},{"taxonomy":"product_tag","embeddable":true,"href":"https:\/\/dev.cautex.com\/fr\/wp-json\/wp\/v2\/product_tag?post=3081"}],"curies":[{"name":"wp","href":"https:\/\/api.w.org\/{rel}","templated":true}]}}