{"id":3080,"date":"2022-07-05T08:54:43","date_gmt":"2022-07-05T08:54:43","guid":{"rendered":"https:\/\/www.cautex.com\/producto\/tub-frein"},"modified":"2022-07-05T08:54:43","modified_gmt":"2022-07-05T08:54:43","slug":"tub-frein","status":"publish","type":"product","link":"https:\/\/dev.cautex.com\/fr\/producto\/tub-frein\/","title":{"rendered":"TUB FREIN"},"content":{"rendered":"<p>Une grande vari\u00e9t\u00e9 de tuyaux combin\u00e9s en caoutchouc et en acier con\u00e7us pour pr\u00e9venir d&rsquo;\u00e9ventuelles fissures ou de fuites de liquide de frein. C&rsquo;est ainsi que les tubes de frein Cautex assurent une bonne transmission de la pression du liquide de frein, en \u00e9vitant de possibles failles du syst\u00e8me et en s&rsquo;assurant d&rsquo;une pression de freinage constante aux roues.<\/p>\n","protected":false},"excerpt":{"rendered":"<p>Une grande vari\u00e9t\u00e9 de tuyaux combin\u00e9s en caoutchouc et en acier con\u00e7us pour pr\u00e9venir d&rsquo;\u00e9ventuelles fissures ou de fuites de liquide de frein. C&rsquo;est ainsi que les tubes de frein Cautex assurent une bonne transmission de la pression du liquide de frein, en \u00e9vitant de possibles failles du syst\u00e8me et en s&rsquo;assurant d&rsquo;une pression de [&hellip;]<\/p>\n","protected":false},"featured_media":1967,"comment_status":"open","ping_status":"closed","template":"","meta":[],"product_cat":[502],"product_tag":[180],"_links":{"self":[{"href":"https:\/\/dev.cautex.com\/fr\/wp-json\/wp\/v2\/product\/3080"}],"collection":[{"href":"https:\/\/dev.cautex.com\/fr\/wp-json\/wp\/v2\/product"}],"about":[{"href":"https:\/\/dev.cautex.com\/fr\/wp-json\/wp\/v2\/types\/product"}],"replies":[{"embeddable":true,"href":"https:\/\/dev.cautex.com\/fr\/wp-json\/wp\/v2\/comments?post=3080"}],"wp:featuredmedia":[{"embeddable":true,"href":"https:\/\/dev.cautex.com\/fr\/wp-json\/wp\/v2\/media\/1967"}],"wp:attachment":[{"href":"https:\/\/dev.cautex.com\/fr\/wp-json\/wp\/v2\/media?parent=3080"}],"wp:term":[{"taxonomy":"product_cat","embeddable":true,"href":"https:\/\/dev.cautex.com\/fr\/wp-json\/wp\/v2\/product_cat?post=3080"},{"taxonomy":"product_tag","embeddable":true,"href":"https:\/\/dev.cautex.com\/fr\/wp-json\/wp\/v2\/product_tag?post=3080"}],"curies":[{"name":"wp","href":"https:\/\/api.w.org\/{rel}","templated":true}]}}