{"id":3079,"date":"2022-07-06T08:23:57","date_gmt":"2022-07-06T08:23:57","guid":{"rendered":"https:\/\/www.cautex.com\/producto\/kit-de-reparation-et-goupille-de-guidage-de-letrier-de-frein"},"modified":"2022-07-06T08:23:57","modified_gmt":"2022-07-06T08:23:57","slug":"kit-de-reparation-et-goupille-de-guidage-de-letrier-de-frein","status":"publish","type":"product","link":"https:\/\/dev.cautex.com\/fr\/producto\/kit-de-reparation-et-goupille-de-guidage-de-letrier-de-frein\/","title":{"rendered":"KIT DE R\u00c9PARATION ET GOUPILLE DE GUIDAGE DE L&rsquo;\u00c9TRIER DE FREIN"},"content":{"rendered":"<p>Les \u00e9l\u00e9ments les plus vuln\u00e9rables des \u00e9triers de frein sont ceux en caoutchouc, puisqu&rsquo;ils se d\u00e9t\u00e9riorent assez rapidement sous l&rsquo;influence d&rsquo;un environnement agressif. Ignorer les probl\u00e8mes de joints us\u00e9s peut d\u00e9clencher des d\u00e9faillances des douilles et de la goupille de guidage.<\/p>\n","protected":false},"excerpt":{"rendered":"<p>Les \u00e9l\u00e9ments les plus vuln\u00e9rables des \u00e9triers de frein sont ceux en caoutchouc, puisqu&rsquo;ils se d\u00e9t\u00e9riorent assez rapidement sous l&rsquo;influence d&rsquo;un environnement agressif. Ignorer les probl\u00e8mes de joints us\u00e9s peut d\u00e9clencher des d\u00e9faillances des douilles et de la goupille de guidage.<\/p>\n","protected":false},"featured_media":3972,"comment_status":"open","ping_status":"closed","template":"","meta":[],"product_cat":[515,520],"product_tag":[205],"_links":{"self":[{"href":"https:\/\/dev.cautex.com\/fr\/wp-json\/wp\/v2\/product\/3079"}],"collection":[{"href":"https:\/\/dev.cautex.com\/fr\/wp-json\/wp\/v2\/product"}],"about":[{"href":"https:\/\/dev.cautex.com\/fr\/wp-json\/wp\/v2\/types\/product"}],"replies":[{"embeddable":true,"href":"https:\/\/dev.cautex.com\/fr\/wp-json\/wp\/v2\/comments?post=3079"}],"wp:featuredmedia":[{"embeddable":true,"href":"https:\/\/dev.cautex.com\/fr\/wp-json\/wp\/v2\/media\/3972"}],"wp:attachment":[{"href":"https:\/\/dev.cautex.com\/fr\/wp-json\/wp\/v2\/media?parent=3079"}],"wp:term":[{"taxonomy":"product_cat","embeddable":true,"href":"https:\/\/dev.cautex.com\/fr\/wp-json\/wp\/v2\/product_cat?post=3079"},{"taxonomy":"product_tag","embeddable":true,"href":"https:\/\/dev.cautex.com\/fr\/wp-json\/wp\/v2\/product_tag?post=3079"}],"curies":[{"name":"wp","href":"https:\/\/api.w.org\/{rel}","templated":true}]}}