{"id":3078,"date":"2022-07-06T08:00:32","date_gmt":"2022-07-06T08:00:32","guid":{"rendered":"https:\/\/www.cautex.com\/producto\/cable-de-frein"},"modified":"2022-07-06T08:00:32","modified_gmt":"2022-07-06T08:00:32","slug":"cable-de-frein","status":"publish","type":"product","link":"https:\/\/dev.cautex.com\/fr\/producto\/cable-de-frein\/","title":{"rendered":"C\u00c2BLE DE FREIN"},"content":{"rendered":"<p>Le c\u00e2ble de frein, en actionnant le levier de frein, garantit aux freins une parfaite efficacit\u00e9 de leur fonction, c\u2019est-\u00e0-dire, d&#8217;emp\u00eacher la mise en mouvement des roues lorsque le v\u00e9hicule est \u00e0 l&rsquo;arr\u00eat.<\/p>\n","protected":false},"excerpt":{"rendered":"<p>Le c\u00e2ble de frein, en actionnant le levier de frein, garantit aux freins une parfaite efficacit\u00e9 de leur fonction, c\u2019est-\u00e0-dire, d&#8217;emp\u00eacher la mise en mouvement des roues lorsque le v\u00e9hicule est \u00e0 l&rsquo;arr\u00eat.<\/p>\n","protected":false},"featured_media":2003,"comment_status":"open","ping_status":"closed","template":"","meta":[],"product_cat":[437,443],"product_tag":[191],"_links":{"self":[{"href":"https:\/\/dev.cautex.com\/fr\/wp-json\/wp\/v2\/product\/3078"}],"collection":[{"href":"https:\/\/dev.cautex.com\/fr\/wp-json\/wp\/v2\/product"}],"about":[{"href":"https:\/\/dev.cautex.com\/fr\/wp-json\/wp\/v2\/types\/product"}],"replies":[{"embeddable":true,"href":"https:\/\/dev.cautex.com\/fr\/wp-json\/wp\/v2\/comments?post=3078"}],"wp:featuredmedia":[{"embeddable":true,"href":"https:\/\/dev.cautex.com\/fr\/wp-json\/wp\/v2\/media\/2003"}],"wp:attachment":[{"href":"https:\/\/dev.cautex.com\/fr\/wp-json\/wp\/v2\/media?parent=3078"}],"wp:term":[{"taxonomy":"product_cat","embeddable":true,"href":"https:\/\/dev.cautex.com\/fr\/wp-json\/wp\/v2\/product_cat?post=3078"},{"taxonomy":"product_tag","embeddable":true,"href":"https:\/\/dev.cautex.com\/fr\/wp-json\/wp\/v2\/product_tag?post=3078"}],"curies":[{"name":"wp","href":"https:\/\/api.w.org\/{rel}","templated":true}]}}