{"id":3077,"date":"2022-07-06T07:58:14","date_gmt":"2022-07-06T07:58:14","guid":{"rendered":"https:\/\/www.cautex.com\/producto\/cable-de-capot"},"modified":"2022-07-06T07:58:14","modified_gmt":"2022-07-06T07:58:14","slug":"cable-de-capot","status":"publish","type":"product","link":"https:\/\/dev.cautex.com\/fr\/producto\/cable-de-capot\/","title":{"rendered":"C\u00c2BLE DE CAPOT"},"content":{"rendered":"<p>Le c\u00e2ble du capot permet d&rsquo;ouvrir le capot lorsqu&rsquo;il est actionn\u00e9 par le conducteur. Le c\u00e2ble est prot\u00e9g\u00e9 par une gaine qui pr\u00e9vient la corrosion dans des lieux expos\u00e9s aux intemp\u00e9ries.<\/p>\n","protected":false},"excerpt":{"rendered":"<p>Le c\u00e2ble du capot permet d&rsquo;ouvrir le capot lorsqu&rsquo;il est actionn\u00e9 par le conducteur. Le c\u00e2ble est prot\u00e9g\u00e9 par une gaine qui pr\u00e9vient la corrosion dans des lieux expos\u00e9s aux intemp\u00e9ries.<\/p>\n","protected":false},"featured_media":2000,"comment_status":"open","ping_status":"closed","template":"","meta":[],"product_cat":[437,440],"product_tag":[190],"_links":{"self":[{"href":"https:\/\/dev.cautex.com\/fr\/wp-json\/wp\/v2\/product\/3077"}],"collection":[{"href":"https:\/\/dev.cautex.com\/fr\/wp-json\/wp\/v2\/product"}],"about":[{"href":"https:\/\/dev.cautex.com\/fr\/wp-json\/wp\/v2\/types\/product"}],"replies":[{"embeddable":true,"href":"https:\/\/dev.cautex.com\/fr\/wp-json\/wp\/v2\/comments?post=3077"}],"wp:featuredmedia":[{"embeddable":true,"href":"https:\/\/dev.cautex.com\/fr\/wp-json\/wp\/v2\/media\/2000"}],"wp:attachment":[{"href":"https:\/\/dev.cautex.com\/fr\/wp-json\/wp\/v2\/media?parent=3077"}],"wp:term":[{"taxonomy":"product_cat","embeddable":true,"href":"https:\/\/dev.cautex.com\/fr\/wp-json\/wp\/v2\/product_cat?post=3077"},{"taxonomy":"product_tag","embeddable":true,"href":"https:\/\/dev.cautex.com\/fr\/wp-json\/wp\/v2\/product_tag?post=3077"}],"curies":[{"name":"wp","href":"https:\/\/api.w.org\/{rel}","templated":true}]}}