{"id":3076,"date":"2022-07-12T07:35:20","date_gmt":"2022-07-12T07:35:20","guid":{"rendered":"https:\/\/www.cautex.com\/producto\/rotule-darticulation-axiale"},"modified":"2022-07-12T07:35:20","modified_gmt":"2022-07-12T07:35:20","slug":"rotule-darticulation-axiale","status":"publish","type":"product","link":"https:\/\/dev.cautex.com\/fr\/producto\/rotule-darticulation-axiale\/","title":{"rendered":"ROTULE D&rsquo;ARTICULATION AXIALE"},"content":{"rendered":"<p>La rotule axiale est situ\u00e9e directement dans l&rsquo;axe de transmission qui sort de la bo\u00eete \u00e0 vitesse. Elle est dissimul\u00e9e sous une durite, remplie d&rsquo;un lubrifiant permanent. De cette fa\u00e7on, la rotule est prot\u00e9g\u00e9e contre la p\u00e9n\u00e9tration de salet\u00e9 ou de fuite de lubrifiant.<\/p>\n","protected":false},"excerpt":{"rendered":"<p>La rotule axiale est situ\u00e9e directement dans l&rsquo;axe de transmission qui sort de la bo\u00eete \u00e0 vitesse. Elle est dissimul\u00e9e sous une durite, remplie d&rsquo;un lubrifiant permanent. De cette fa\u00e7on, la rotule est prot\u00e9g\u00e9e contre la p\u00e9n\u00e9tration de salet\u00e9 ou de fuite de lubrifiant.<\/p>\n","protected":false},"featured_media":2968,"comment_status":"open","ping_status":"closed","template":"","meta":[],"product_cat":[447,467],"product_tag":[],"_links":{"self":[{"href":"https:\/\/dev.cautex.com\/fr\/wp-json\/wp\/v2\/product\/3076"}],"collection":[{"href":"https:\/\/dev.cautex.com\/fr\/wp-json\/wp\/v2\/product"}],"about":[{"href":"https:\/\/dev.cautex.com\/fr\/wp-json\/wp\/v2\/types\/product"}],"replies":[{"embeddable":true,"href":"https:\/\/dev.cautex.com\/fr\/wp-json\/wp\/v2\/comments?post=3076"}],"wp:featuredmedia":[{"embeddable":true,"href":"https:\/\/dev.cautex.com\/fr\/wp-json\/wp\/v2\/media\/2968"}],"wp:attachment":[{"href":"https:\/\/dev.cautex.com\/fr\/wp-json\/wp\/v2\/media?parent=3076"}],"wp:term":[{"taxonomy":"product_cat","embeddable":true,"href":"https:\/\/dev.cautex.com\/fr\/wp-json\/wp\/v2\/product_cat?post=3076"},{"taxonomy":"product_tag","embeddable":true,"href":"https:\/\/dev.cautex.com\/fr\/wp-json\/wp\/v2\/product_tag?post=3076"}],"curies":[{"name":"wp","href":"https:\/\/api.w.org\/{rel}","templated":true}]}}