{"id":3075,"date":"2022-07-05T08:37:35","date_gmt":"2022-07-05T08:37:35","guid":{"rendered":"https:\/\/www.cautex.com\/producto\/kits-et-soufflets-de-direction-et-de-transmission"},"modified":"2022-07-05T08:37:35","modified_gmt":"2022-07-05T08:37:35","slug":"kits-et-soufflets-de-direction-et-de-transmission","status":"publish","type":"product","link":"https:\/\/dev.cautex.com\/fr\/producto\/kits-et-soufflets-de-direction-et-de-transmission\/","title":{"rendered":"KITS ET SOUFFLETS DE DIRECTION ET DE TRANSMISSION"},"content":{"rendered":"<p>Une large vari\u00e9t\u00e9 de soufflets de grande flexibilit\u00e9 et r\u00e9sistance capables de prot\u00e9ger les directions les plus d\u00e9licates et les composants de transmission contre des agents ext\u00e9rieurs telles que la poussi\u00e8re ou la boue. Nos kits sont toujours pourvus, en plus des soufflets n\u00e9cessaires pour la r\u00e9paration de la direction ou de transmission, de graisse et de colliers indispensables \u00e0 leur assemblage.<\/p>\n","protected":false},"excerpt":{"rendered":"<p>Une large vari\u00e9t\u00e9 de soufflets de grande flexibilit\u00e9 et r\u00e9sistance capables de prot\u00e9ger les directions les plus d\u00e9licates et les composants de transmission contre des agents ext\u00e9rieurs telles que la poussi\u00e8re ou la boue. Nos kits sont toujours pourvus, en plus des soufflets n\u00e9cessaires pour la r\u00e9paration de la direction ou de transmission, de graisse [&hellip;]<\/p>\n","protected":false},"featured_media":1952,"comment_status":"open","ping_status":"closed","template":"","meta":[],"product_cat":[480,484],"product_tag":[177],"_links":{"self":[{"href":"https:\/\/dev.cautex.com\/fr\/wp-json\/wp\/v2\/product\/3075"}],"collection":[{"href":"https:\/\/dev.cautex.com\/fr\/wp-json\/wp\/v2\/product"}],"about":[{"href":"https:\/\/dev.cautex.com\/fr\/wp-json\/wp\/v2\/types\/product"}],"replies":[{"embeddable":true,"href":"https:\/\/dev.cautex.com\/fr\/wp-json\/wp\/v2\/comments?post=3075"}],"wp:featuredmedia":[{"embeddable":true,"href":"https:\/\/dev.cautex.com\/fr\/wp-json\/wp\/v2\/media\/1952"}],"wp:attachment":[{"href":"https:\/\/dev.cautex.com\/fr\/wp-json\/wp\/v2\/media?parent=3075"}],"wp:term":[{"taxonomy":"product_cat","embeddable":true,"href":"https:\/\/dev.cautex.com\/fr\/wp-json\/wp\/v2\/product_cat?post=3075"},{"taxonomy":"product_tag","embeddable":true,"href":"https:\/\/dev.cautex.com\/fr\/wp-json\/wp\/v2\/product_tag?post=3075"}],"curies":[{"name":"wp","href":"https:\/\/api.w.org\/{rel}","templated":true}]}}