{"id":3074,"date":"2022-07-01T07:56:36","date_gmt":"2022-07-01T07:56:36","guid":{"rendered":"https:\/\/www.cautex.com\/producto\/poulies-alternateur"},"modified":"2022-07-01T07:56:36","modified_gmt":"2022-07-01T07:56:36","slug":"poulies-alternateur","status":"publish","type":"product","link":"https:\/\/dev.cautex.com\/fr\/producto\/poulies-alternateur\/","title":{"rendered":"POULIES ALTERNATEUR"},"content":{"rendered":"<p>Gamme sp\u00e9cifique de poulies alternateur, avec un design et des caract\u00e9ristiques techniques sp\u00e9cifiques pour chaque marque en fonction de chacun des mod\u00e8les, ce qui permet d&rsquo;assurer une bonne transmission de l&rsquo;\u00e9nergie \u00e9lectrique n\u00e9cessaire aux accessoires additionnels.<\/p>\n","protected":false},"excerpt":{"rendered":"<p>Gamme sp\u00e9cifique de poulies alternateur, avec un design et des caract\u00e9ristiques techniques sp\u00e9cifiques pour chaque marque en fonction de chacun des mod\u00e8les, ce qui permet d&rsquo;assurer une bonne transmission de l&rsquo;\u00e9nergie \u00e9lectrique n\u00e9cessaire aux accessoires additionnels.<\/p>\n","protected":false},"featured_media":1847,"comment_status":"open","ping_status":"closed","template":"","meta":[],"product_cat":[485,486],"product_tag":[53],"_links":{"self":[{"href":"https:\/\/dev.cautex.com\/fr\/wp-json\/wp\/v2\/product\/3074"}],"collection":[{"href":"https:\/\/dev.cautex.com\/fr\/wp-json\/wp\/v2\/product"}],"about":[{"href":"https:\/\/dev.cautex.com\/fr\/wp-json\/wp\/v2\/types\/product"}],"replies":[{"embeddable":true,"href":"https:\/\/dev.cautex.com\/fr\/wp-json\/wp\/v2\/comments?post=3074"}],"wp:featuredmedia":[{"embeddable":true,"href":"https:\/\/dev.cautex.com\/fr\/wp-json\/wp\/v2\/media\/1847"}],"wp:attachment":[{"href":"https:\/\/dev.cautex.com\/fr\/wp-json\/wp\/v2\/media?parent=3074"}],"wp:term":[{"taxonomy":"product_cat","embeddable":true,"href":"https:\/\/dev.cautex.com\/fr\/wp-json\/wp\/v2\/product_cat?post=3074"},{"taxonomy":"product_tag","embeddable":true,"href":"https:\/\/dev.cautex.com\/fr\/wp-json\/wp\/v2\/product_tag?post=3074"}],"curies":[{"name":"wp","href":"https:\/\/api.w.org\/{rel}","templated":true}]}}