{"id":3073,"date":"2022-07-12T07:54:19","date_gmt":"2022-07-12T07:54:19","guid":{"rendered":"https:\/\/www.cautex.com\/producto\/suspension-pneumatique"},"modified":"2022-07-12T07:54:19","modified_gmt":"2022-07-12T07:54:19","slug":"suspension-pneumatique","status":"publish","type":"product","link":"https:\/\/dev.cautex.com\/fr\/producto\/suspension-pneumatique\/","title":{"rendered":"SUSPENSION PNEUMATIQUE"},"content":{"rendered":"<p>Les suspensions sont parmi les \u00e9l\u00e9ments les plus importants du v\u00e9hicule, puisqu&rsquo;avec les pneumatiques et les freins, ils font partie de ce qu&rsquo;on appelle commun\u00e9ment le triangle de s\u00e9curit\u00e9. Peu \u00e0 peu, cette nouvelle \u00e9volution de la suspension gagne du terrain face \u00e0 celles plus conventionnelles, en particulier pour les voitures haute gamme. Nous fournissons la m\u00eame qualit\u00e9 que l&rsquo;\u00e9quipement originel sur le march\u00e9 secondaire mais \u00e0 un meilleur prix et le client re\u00e7oit toujours un mode d&#8217;emploi complet pour l&rsquo;installation.<\/p>\n","protected":false},"excerpt":{"rendered":"<p>Les suspensions sont parmi les \u00e9l\u00e9ments les plus importants du v\u00e9hicule, puisqu&rsquo;avec les pneumatiques et les freins, ils font partie de ce qu&rsquo;on appelle commun\u00e9ment le triangle de s\u00e9curit\u00e9. Peu \u00e0 peu, cette nouvelle \u00e9volution de la suspension gagne du terrain face \u00e0 celles plus conventionnelles, en particulier pour les voitures haute gamme. Nous fournissons [&hellip;]<\/p>\n","protected":false},"featured_media":3696,"comment_status":"open","ping_status":"closed","template":"","meta":[],"product_cat":[436],"product_tag":[],"_links":{"self":[{"href":"https:\/\/dev.cautex.com\/fr\/wp-json\/wp\/v2\/product\/3073"}],"collection":[{"href":"https:\/\/dev.cautex.com\/fr\/wp-json\/wp\/v2\/product"}],"about":[{"href":"https:\/\/dev.cautex.com\/fr\/wp-json\/wp\/v2\/types\/product"}],"replies":[{"embeddable":true,"href":"https:\/\/dev.cautex.com\/fr\/wp-json\/wp\/v2\/comments?post=3073"}],"wp:featuredmedia":[{"embeddable":true,"href":"https:\/\/dev.cautex.com\/fr\/wp-json\/wp\/v2\/media\/3696"}],"wp:attachment":[{"href":"https:\/\/dev.cautex.com\/fr\/wp-json\/wp\/v2\/media?parent=3073"}],"wp:term":[{"taxonomy":"product_cat","embeddable":true,"href":"https:\/\/dev.cautex.com\/fr\/wp-json\/wp\/v2\/product_cat?post=3073"},{"taxonomy":"product_tag","embeddable":true,"href":"https:\/\/dev.cautex.com\/fr\/wp-json\/wp\/v2\/product_tag?post=3073"}],"curies":[{"name":"wp","href":"https:\/\/api.w.org\/{rel}","templated":true}]}}