{"id":3072,"date":"2022-07-12T07:49:11","date_gmt":"2022-07-12T07:49:11","guid":{"rendered":"https:\/\/www.cautex.com\/producto\/pompe-a-eau-additionnelle"},"modified":"2022-07-12T07:49:11","modified_gmt":"2022-07-12T07:49:11","slug":"pompe-a-eau-additionnelle","status":"publish","type":"product","link":"https:\/\/dev.cautex.com\/fr\/producto\/pompe-a-eau-additionnelle\/","title":{"rendered":"POMPE \u00c0 EAU ADDITIONNELLE"},"content":{"rendered":"<p>Syst\u00e8mes auxiliaires de refroidissement utilis\u00e9s principalement pour les moteurs \u00e0 combustion avec un syst\u00e8me de Start &amp; Stop. Selon la temp\u00e9rature du moteur, cette pompe commencera \u00e0 fonctionner afin de r\u00e9duire les degr\u00e9s dans la culasse et le bloc moteur. Le but est de d&rsquo;\u00e9viter que le moteur ne s&rsquo;arr\u00eate \u00e0 haute temp\u00e9rature, ce qui pourrait endommager les mat\u00e9riaux pr\u00e9sent \u00e0 l&rsquo; int\u00e9rieur.<\/p>\n","protected":false},"excerpt":{"rendered":"<p>Syst\u00e8mes auxiliaires de refroidissement utilis\u00e9s principalement pour les moteurs \u00e0 combustion avec un syst\u00e8me de Start &amp; Stop. Selon la temp\u00e9rature du moteur, cette pompe commencera \u00e0 fonctionner afin de r\u00e9duire les degr\u00e9s dans la culasse et le bloc moteur. Le but est de d&rsquo;\u00e9viter que le moteur ne s&rsquo;arr\u00eate \u00e0 haute temp\u00e9rature, ce qui [&hellip;]<\/p>\n","protected":false},"featured_media":3038,"comment_status":"open","ping_status":"closed","template":"","meta":[],"product_cat":[515,524],"product_tag":[],"_links":{"self":[{"href":"https:\/\/dev.cautex.com\/fr\/wp-json\/wp\/v2\/product\/3072"}],"collection":[{"href":"https:\/\/dev.cautex.com\/fr\/wp-json\/wp\/v2\/product"}],"about":[{"href":"https:\/\/dev.cautex.com\/fr\/wp-json\/wp\/v2\/types\/product"}],"replies":[{"embeddable":true,"href":"https:\/\/dev.cautex.com\/fr\/wp-json\/wp\/v2\/comments?post=3072"}],"wp:featuredmedia":[{"embeddable":true,"href":"https:\/\/dev.cautex.com\/fr\/wp-json\/wp\/v2\/media\/3038"}],"wp:attachment":[{"href":"https:\/\/dev.cautex.com\/fr\/wp-json\/wp\/v2\/media?parent=3072"}],"wp:term":[{"taxonomy":"product_cat","embeddable":true,"href":"https:\/\/dev.cautex.com\/fr\/wp-json\/wp\/v2\/product_cat?post=3072"},{"taxonomy":"product_tag","embeddable":true,"href":"https:\/\/dev.cautex.com\/fr\/wp-json\/wp\/v2\/product_tag?post=3072"}],"curies":[{"name":"wp","href":"https:\/\/api.w.org\/{rel}","templated":true}]}}